{"id":190,"date":"2025-06-10T10:52:49","date_gmt":"2025-06-10T10:52:49","guid":{"rendered":"https:\/\/eltorrentset.cat\/?page_id=190"},"modified":"2025-06-25T13:38:22","modified_gmt":"2025-06-25T13:38:22","slug":"aviso-legal","status":"publish","type":"page","link":"https:\/\/eltorrentset.cat\/ca\/aviso-legal\/","title":{"rendered":"Av\u00eds legal"},"content":{"rendered":"<div data-elementor-type=\"wp-page\" data-elementor-id=\"190\" class=\"elementor elementor-190\" data-elementor-post-type=\"page\">\n\t\t\t\t<div class=\"elementor-element elementor-element-fcddfa9 e-flex e-con-boxed e-con e-parent\" data-id=\"fcddfa9\" data-element_type=\"container\">\n\t\t\t\t\t<div class=\"e-con-inner\">\n\t\t\t\t<div class=\"elementor-element elementor-element-a108227 elementor-widget elementor-widget-heading\" data-id=\"a108227\" data-element_type=\"widget\" data-widget_type=\"heading.default\">\n\t\t\t\t<div class=\"elementor-widget-container\">\n\t\t\t\t\t<h2 class=\"elementor-heading-title elementor-size-default\">Av\u00eds legal<\/h2>\t\t\t\t<\/div>\n\t\t\t\t<\/div>\n\t\t\t\t\t<\/div>\n\t\t\t\t<\/div>\n\t\t<div class=\"elementor-element elementor-element-b7ee906 e-flex e-con-boxed e-con e-parent\" data-id=\"b7ee906\" data-element_type=\"container\">\n\t\t\t\t\t<div class=\"e-con-inner\">\n\t\t\t\t<div class=\"elementor-element elementor-element-d245168 elementor-widget elementor-widget-text-editor\" data-id=\"d245168\" data-element_type=\"widget\" data-widget_type=\"text-editor.default\">\n\t\t\t\t<div class=\"elementor-widget-container\">\n\t\t\t\t\t\t\t\t\t<p><strong>1. DADES IDENTIFICATIVES<\/strong><\/p><p>Denominaci\u00f3 social: G&amp;P PROSERVES SL (d'ara endavant responsable)<br \/>Nom comercial: El Torrent Set<br \/>NIF: B13712732<br \/>Domicili: Carrer El Torrent 7 bis 08302 Matar\u00f3 <br \/>e-mail: adm@eltorrentset.cat<\/p><p>El responsable, posa a la disposici\u00f3 dels usuaris el present document, amb el qual pret\u00e9n donar compliment a les obligacions disposades en la Llei 34\/2002, d'11 de juliol, de Serveis de la Societat de la Informaci\u00f3 i del Comer\u00e7 Electr\u00f2nic (LSSICE), aix\u00ed com informar a tots els usuaris del lloc web respecte a quins s\u00f3n les condicions d'\u00fas. Tota persona que accedeixi a aquest lloc web assumeix el paper d'usuari, comprometent-se a l'observan\u00e7a i compliment rigor\u00f3s de les disposicions aqu\u00ed disposades, aix\u00ed com a qualsevol altra disposici\u00f3 legal que fos aplicable.<\/p><p>El responsable es reserva el dret de modificar qualsevol tipus d'informaci\u00f3 que pogu\u00e9s apar\u00e8ixer en el lloc web, sense que existeixi obligaci\u00f3 de preavisar o posar en coneixement dels usuaris aquestes obligacions, entenent-se com a suficient amb la publicaci\u00f3 en el lloc web del responsable.<\/p><p><strong>2. OBJECTE<\/strong><\/p><p>A trav\u00e9s del lloc web fet per<a href=\"https:\/\/cardeseo.com\/\">\u00a0Cardeseo<\/a>, els oferim als Usuaris la possibilitat d'accedir a la informaci\u00f3 sobre els nostres serveis.<\/p><p><strong>3. PRIVACITAT I TRACTAMENT DE DADES<\/strong><\/p><p>Quan per a l'acc\u00e9s a determinats continguts o servei sigui necessari facilitar dades de car\u00e0cter personal, els Usuaris garantiran la seva veracitat, exactitud, autenticitat i vig\u00e8ncia. L'empresa donar\u00e0 a aquestes dades el tractament automatitzat que correspongui en funci\u00f3 de la seva naturalesa o finalitat, en els termes indicats en la secci\u00f3 de Pol\u00edtica de Privacitat.<\/p><p><strong>4. PROPIETAT INDUSTRIAL I INTEL\u00b7LECTUAL<\/strong><\/p><p>L'Usuari reconeix i accepta que tots els continguts que es mostren en l'Espai Web i especialment, dissenys, textos, imatges, logos, icones, botons, programari, noms comercials, marques, o qualssevol altres signes susceptibles d'utilitzaci\u00f3 industrial i\/o comercial estan subjectes a drets de Propietat Intel\u00b7lectual i totes les marques, noms comercials o signes distintius, tots els drets de propietat industrial i intel\u00b7lectual, sobre els continguts i\/o qualssevol altres elements inserits en el p\u00e0gina, que s\u00f3n propietat exclusiva de l'empresa i\/o de tercers, els qui tenen el dret exclusiu d'utilitzar-los en el tr\u00e0fic econ\u00f2mic. Per tot aix\u00f2 l'Usuari es compromet a no reproduir, copiar, distribuir, posar a disposici\u00f3 o de qualsevol altra forma comunicar p\u00fablicament, transformar o modificar tals continguts mantenint indemne a l'empresa de qualsevol reclamaci\u00f3 que es derivi de l'incompliment de tals obligacions.<\/p><p>En cap cas l'acc\u00e9s a l'Espai Web implica cap mena de ren\u00fancia, transmissi\u00f3, llic\u00e8ncia o cessi\u00f3 total ni parcial d'aquests drets, tret que s'estableixi expressament el contrari. Les presents Condicions Generals d'\u00das de l'Espai Web no confereixen als Usuaris cap altre dret d'utilitzaci\u00f3, alteraci\u00f3, explotaci\u00f3, reproducci\u00f3, distribuci\u00f3 o comunicaci\u00f3 p\u00fablica de l'Espai Web i\/o dels seus Continguts distints dels aqu\u00ed expressament previstos. Qualsevol altre \u00fas o explotaci\u00f3 de qualssevol drets estar\u00e0 subjecte a la pr\u00e8via i expressa autoritzaci\u00f3 espec\u00edficament atorgada a aquest efecte per l'empresa o el tercer titular dels drets afectats.<\/p><p>Els continguts, textos, fotografies, dissenys, logotips, imatges, programes d'ordinador, codis font i, en general, qualsevol creaci\u00f3 intel\u00b7lectual existent en aquest Espai, aix\u00ed com el propi Espai en el seu conjunt, com a obra art\u00edstica multim\u00e8dia, estan protegits com a drets d'autor per la legislaci\u00f3 en mat\u00e8ria de propietat intel\u00b7lectual. L'empresa \u00e9s titular dels elements que integren el disseny gr\u00e0fic de l'Espai Web, el men\u00fas, botons de navegaci\u00f3, el codi HTML, els textos, imatges, textures, gr\u00e0fics i qualsevol altre contingut de l'Espai Web o, en qualsevol cas disposa de la corresponent autoritzaci\u00f3 per a la utilitzaci\u00f3 d'aquests elements. El contingut disposat en l'Espai Web no podr\u00e0 ser reprodu\u00eft ni en tot ni en part, ni transm\u00e8s, ni registrat per cap sistema de recuperaci\u00f3 d'informaci\u00f3, en cap forma ni en cap mitj\u00e0, tret que es compti amb l'autoritzaci\u00f3 pr\u00e8via, per escrit, de la citada Entitat.<\/p><p>Aix\u00ed mateix, queda prohibit suprimir, eludir i\/o manipular el \u00abcopyright\u00bb aix\u00ed com els dispositius t\u00e8cnics de protecci\u00f3, o qualssevol mecanismes d'informaci\u00f3 que poguessin contenir els continguts. L'Usuari d'aquest Espai Web es compromet a respectar els drets enunciats i a evitar qualsevol actuaci\u00f3 que pogu\u00e9s perjudicar-los, reservant-se en tot cas l'empresa l'exercici de quants mitjans o accions legals li corresponguin en defensa dels seus leg\u00edtims drets de propietat intel\u00b7lectual i industrial.<\/p><p><strong>5. RESPONSABILITATS<\/strong><\/p><p>No es garanteix l'acc\u00e9s continuat, ni la correcta visualitzaci\u00f3, desc\u00e0rrega o utilitat dels elements i informacions contingudes en la web que puguin veure's impedits, dificultats o interromputs per factors o circumst\u00e0ncies que estan fora del seu control. No es fa responsable de les decisions que poguessin adoptar-se a conseq\u00fc\u00e8ncia de l'acc\u00e9s als continguts o informacions ofertes.<\/p><p>Es podr\u00e0 interrompre el servei, o resoldre de mode immediat la relaci\u00f3 amb l'Usuari, si es detecta que un \u00fas del seu Espai Web, o de qualsevol dels serveis oferts en aquest, \u00e9s contrari a les presents Condicions Generals d'\u00das. No ens fem responsables per danys, perjudicis, p\u00e8rdues, reclamacions o despeses derivades de l'\u00fas de l'Espai Web.<\/p><p>\u00danicament ser\u00e0 responsable d'eliminar, al m\u00e9s aviat possible, els continguts que puguin generar tals perjudicis, sempre que aix\u00ed es notifiqui.<\/p><p>L'empresa exclou qualsevol responsabilitat pels danys i perjudicis de tota naturalesa que poguessin deure's a la mala utilitzaci\u00f3 dels serveis de lliure disposici\u00f3 i \u00fas per part dels Usuaris d'Espai Web. Aix\u00ed mateix queda exonerat de qualsevol responsabilitat pel contingut i informacions que puguin ser rebudes a conseq\u00fc\u00e8ncia dels formularis de recollida de dades, estant els mateixos \u00fanicament per a la prestaci\u00f3 dels serveis de consultes i dubtes. D'altra banda, en cas de causar danys i perjudicis per un \u00fas il\u00b7l\u00edcit o incorrecte d'aquests serveis, podr\u00e0 ser l'Usuari reclamat pels danys o perjudicis causats.<\/p><p>Vost\u00e8 mantindr\u00e0 a l'empresa indemne enfront de qualssevol danys i perjudicis que es derivin de reclamacions, accions o demandes de tercers a conseq\u00fc\u00e8ncia del seu acc\u00e9s o \u00fas de l'Espai Web. Aix\u00ed mateix, vost\u00e8 s'obliga a indemnitzar enfront de qualssevol danys i perjudicis, que es derivin de l'\u00fas per la seva part de \u201crobots\u201d, \u201cspiders\u201d, \u201ccrawlers\u201d o eines similars empleades amb la finalitat de recaptar o extreure dades o de qualsevol altra actuaci\u00f3 per la seva part que imposi una c\u00e0rrega desraonada sobre el funcionament de l'Espai Web.<\/p><p><strong>6. ENLLA\u00c7OS<\/strong><\/p><p>L'Usuari s'obliga a no reproduir de cap mode, ni tan sols mitjan\u00e7ant un enlla\u00e7 o enlla\u00e7, l'Espai Web, aix\u00ed com cap dels seus continguts, excepte autoritzaci\u00f3 expressa i per escrit del responsable del fitxer.<\/p><p>L'Espai Web pot incloure enlla\u00e7os a altres espais web, gestionats per tercers, a fi de facilitar l'acc\u00e9s de l'Usuari a la informaci\u00f3 d'empreses col\u00b7laboradores i\/o patrocinadores. Conforme amb aix\u00f2, la societat no es responsabilitza del contingut d'aquests Espais web, ni se situa en una posici\u00f3 de garant ni\/o de part oferent dels serveis i\/o informaci\u00f3 que es puguin oferir a tercers a trav\u00e9s dels enlla\u00e7os de tercers.<\/p><p><strong>7. PROTECCI\u00d3 DE DADES<\/strong><\/p><p>Per a utilitzar alguns dels Serveis, l'Usuari ha de proporcionar pr\u00e8viament unes certes dades de car\u00e0cter personal. L'empresa tractar\u00e0 automatitzadament aquestes dades i aplicar\u00e0 les corresponents mesures de seguretat, tot aix\u00f2 en compliment del RGPD, LOPDGDD i LSSI. L'Usuari pot accedir a la pol\u00edtica seguida en el tractament de les dades personals, aix\u00ed com l'establiment de les finalitats pr\u00e8viament establertes, en les condicions definides en la Pol\u00edtica de Privacitat.<\/p><p><strong>8.COOKIES<\/strong><\/p><p>L'empresa es reserva el dret d'utilitzar la tecnologia \u201ccookie\u201d en l'Espai Web, a fi de recon\u00e8ixer-lo com a Usuari freq\u00fcent i personalitzar l'\u00fas que realitzi de l'Espai Web mitjan\u00e7ant la preselecci\u00f3 del seu idioma, o continguts m\u00e9s desitjats o espec\u00edfics.<br \/>Las cookies recopilan la direcci\u00f3n IP del usuario siendo Google el responsable del tratamiento de esta informaci\u00f3n.<\/p><p>Les cookies s\u00f3n fitxers enviats a un navegador, per mitj\u00e0 d'un servidor Web, per a registrar la navegaci\u00f3 de l'Usuari en l'Espai Web, quan l'Usuari permeti la seva recepci\u00f3. Si vost\u00e8 ho desitja pot configurar el seu navegador per a ser avisat en pantalla de la recepci\u00f3 de cookies i per a impedir la instal\u00b7laci\u00f3 de cookies en el seu disc dur. Si us plau, consulti les instruccions i manuals del seu navegador per a ampliar aquesta informaci\u00f3.<\/p><p>Gr\u00e0cies a les cookies, resulta possible que es pugui recon\u00e8ixer el navegador de l'ordinador utilitzat per l'Usuari amb la finalitat de facilitar continguts i oferir les prefer\u00e8ncies de navegaci\u00f3 o publicit\u00e0ries que l'Usuari, als perfils demogr\u00e0fics dels Usuaris aix\u00ed com per a mesurar les visites i par\u00e0metres del tr\u00e0nsit, controlar el progr\u00e9s i nombre d'entrades.<\/p><p><strong>9. DECLARACIONS I GARANTIES<\/strong><\/p><p>En general, els continguts i serveis oferts en l'Espai Web tenen car\u00e0cter merament informatiu. Per conseg\u00fcent, en oferir-los, no s'atorga garantia ni cap declaraci\u00f3 en relaci\u00f3 amb els continguts i serveis oferts en l'Espai web, incloent, a t\u00edtol enunciatiu, garanties de licitud, fiabilitat, utilitat, veracitat, exactitud, o comerciabilitat, excepte en la mesura en qu\u00e8 per llei no puguin excloure's tals declaracions i garanties.<\/p><p><strong>10. FOR\u00c7A MAJOR<\/strong><\/p><p>L'empresa no ser\u00e0 responsable en tot en cas d'impossibilitat de prestar servei, si aquesta es deu a interrupcions prolongades del subministrament el\u00e8ctric, l\u00ednies de telecomunicacions, conflictes socials, vagues, rebel\u00b7li\u00f3, explosions, inundacions, actes i omissions del Govern, i en general tots els sup\u00f2sits de for\u00e7a major o de cas fortu\u00eft.<\/p><p><strong>11. RESOLUCI\u00d3 DE CONTROV\u00c8RSIES. LLEI APLICABLE I JURISDICCI\u00d3<\/strong><\/p><p>Les presents Condicions Generals d'\u00das, aix\u00ed com l'\u00fas de l'Espai Web, es regiran per la legislaci\u00f3 espanyola. Per a la resoluci\u00f3 de qualsevol controv\u00e8rsia les parts se sotmetran als Jutjats i Tribunals del domicili social del Responsable del lloc web.<\/p><p>En el cas que qualsevol estipulaci\u00f3 de les presents Condicions Generals d'\u00das result\u00e9s inexigible o nul\u00b7la en virtut de la legislaci\u00f3 aplicable o a conseq\u00fc\u00e8ncia d'una resoluci\u00f3 judicial o administrativa, aquesta inexigibilitat o nul\u00b7litat no far\u00e0 que les presents Condicions Generals d'\u00das resultin inexigibles o nul\u00b7les en el seu conjunt. En aquests casos, l'empresa procedir\u00e0 a la modificaci\u00f3 o substituci\u00f3 d'aquesta estipulaci\u00f3 per una altra que sigui v\u00e0lida i exigible i que, en la mesura que sigui possible, aconsegueixi l'objectiu i pretensi\u00f3 reflectits en l'estipulaci\u00f3 original.<\/p>\t\t\t\t\t\t\t\t<\/div>\n\t\t\t\t<\/div>\n\t\t\t\t\t<\/div>\n\t\t\t\t<\/div>\n\t\t\t\t<\/div>","protected":false},"excerpt":{"rendered":"<p>Aviso legal 1. DATOS IDENTIFICATIVOS Denominaci\u00f3n social: G&amp;P PROSERVES SL (en adelante responsable)Nombre comercial: El Torrent SetNIF: B13712732Domicilio: Calle El Torrent 7 bis 08302 Matar\u00f3 e-mail: adm@eltorrentset.cat El responsable, pone a disposici\u00f3n de los usuarios el presente documento, con el que pretende dar cumplimiento a las obligaciones dispuestas en la Ley 34\/2002, de 11 de [&hellip;]<\/p>","protected":false},"author":2,"featured_media":0,"parent":0,"menu_order":0,"comment_status":"closed","ping_status":"closed","template":"elementor_header_footer","meta":{"footnotes":""},"class_list":["post-190","page","type-page","status-publish","hentry"],"yoast_head":"<!-- This site is optimized with the Yoast SEO plugin v25.3 - https:\/\/yoast.com\/wordpress\/plugins\/seo\/ -->\n<title>Aviso legal - El Torrent Set<\/title>\n<meta name=\"robots\" content=\"index, follow, max-snippet:-1, max-image-preview:large, max-video-preview:-1\" \/>\n<link rel=\"canonical\" href=\"https:\/\/eltorrentset.cat\/ca\/aviso-legal\/\" \/>\n<meta property=\"og:locale\" content=\"ca_ES\" \/>\n<meta property=\"og:type\" content=\"article\" \/>\n<meta property=\"og:title\" content=\"Aviso legal - El Torrent Set\" \/>\n<meta property=\"og:description\" content=\"Aviso legal 1. DATOS IDENTIFICATIVOS Denominaci\u00f3n social: G&amp;P PROSERVES SL (en adelante responsable)Nombre comercial: El Torrent SetNIF: B13712732Domicilio: Calle El Torrent 7 bis 08302 Matar\u00f3 e-mail: adm@eltorrentset.cat El responsable, pone a disposici\u00f3n de los usuarios el presente documento, con el que pretende dar cumplimiento a las obligaciones dispuestas en la Ley 34\/2002, de 11 de [&hellip;]\" \/>\n<meta property=\"og:url\" content=\"https:\/\/eltorrentset.cat\/ca\/aviso-legal\/\" \/>\n<meta property=\"og:site_name\" content=\"El Torrent Set\" \/>\n<meta property=\"article:modified_time\" content=\"2025-06-25T13:38:22+00:00\" \/>\n<meta name=\"twitter:card\" content=\"summary_large_image\" \/>\n<meta name=\"twitter:label1\" content=\"Temps estimat de lectura\" \/>\n\t<meta name=\"twitter:data1\" content=\"8 minuts\" \/>\n<script type=\"application\/ld+json\" class=\"yoast-schema-graph\">{\"@context\":\"https:\/\/schema.org\",\"@graph\":[{\"@type\":\"WebPage\",\"@id\":\"https:\/\/eltorrentset.cat\/aviso-legal\/\",\"url\":\"https:\/\/eltorrentset.cat\/aviso-legal\/\",\"name\":\"Aviso legal - El Torrent Set\",\"isPartOf\":{\"@id\":\"https:\/\/eltorrentset.cat\/#website\"},\"datePublished\":\"2025-06-10T10:52:49+00:00\",\"dateModified\":\"2025-06-25T13:38:22+00:00\",\"breadcrumb\":{\"@id\":\"https:\/\/eltorrentset.cat\/aviso-legal\/#breadcrumb\"},\"inLanguage\":\"ca\",\"potentialAction\":[{\"@type\":\"ReadAction\",\"target\":[\"https:\/\/eltorrentset.cat\/aviso-legal\/\"]}]},{\"@type\":\"BreadcrumbList\",\"@id\":\"https:\/\/eltorrentset.cat\/aviso-legal\/#breadcrumb\",\"itemListElement\":[{\"@type\":\"ListItem\",\"position\":1,\"name\":\"Home\",\"item\":\"https:\/\/eltorrentset.cat\/\"},{\"@type\":\"ListItem\",\"position\":2,\"name\":\"Aviso legal\"}]},{\"@type\":\"WebSite\",\"@id\":\"https:\/\/eltorrentset.cat\/#website\",\"url\":\"https:\/\/eltorrentset.cat\/\",\"name\":\"El Torrent Set\",\"description\":\"El Torrent Set\",\"publisher\":{\"@id\":\"https:\/\/eltorrentset.cat\/#organization\"},\"potentialAction\":[{\"@type\":\"SearchAction\",\"target\":{\"@type\":\"EntryPoint\",\"urlTemplate\":\"https:\/\/eltorrentset.cat\/?s={search_term_string}\"},\"query-input\":{\"@type\":\"PropertyValueSpecification\",\"valueRequired\":true,\"valueName\":\"search_term_string\"}}],\"inLanguage\":\"ca\"},{\"@type\":\"Organization\",\"@id\":\"https:\/\/eltorrentset.cat\/#organization\",\"name\":\"El Torrent Set\",\"url\":\"https:\/\/eltorrentset.cat\/\",\"logo\":{\"@type\":\"ImageObject\",\"inLanguage\":\"ca\",\"@id\":\"https:\/\/eltorrentset.cat\/#\/schema\/logo\/image\/\",\"url\":\"https:\/\/eltorrentset.cat\/wp-content\/uploads\/2025\/06\/cropped-MARCA_6_PNG_FT_7200_2400-scaled-1.png\",\"contentUrl\":\"https:\/\/eltorrentset.cat\/wp-content\/uploads\/2025\/06\/cropped-MARCA_6_PNG_FT_7200_2400-scaled-1.png\",\"width\":1885,\"height\":345,\"caption\":\"El Torrent Set\"},\"image\":{\"@id\":\"https:\/\/eltorrentset.cat\/#\/schema\/logo\/image\/\"}}]}<\/script>\n<!-- \/ Yoast SEO plugin. -->","yoast_head_json":{"title":"Aviso legal - El Torrent Set","robots":{"index":"index","follow":"follow","max-snippet":"max-snippet:-1","max-image-preview":"max-image-preview:large","max-video-preview":"max-video-preview:-1"},"canonical":"https:\/\/eltorrentset.cat\/ca\/aviso-legal\/","og_locale":"ca_ES","og_type":"article","og_title":"Aviso legal - El Torrent Set","og_description":"Aviso legal 1. DATOS IDENTIFICATIVOS Denominaci\u00f3n social: G&amp;P PROSERVES SL (en adelante responsable)Nombre comercial: El Torrent SetNIF: B13712732Domicilio: Calle El Torrent 7 bis 08302 Matar\u00f3 e-mail: adm@eltorrentset.cat El responsable, pone a disposici\u00f3n de los usuarios el presente documento, con el que pretende dar cumplimiento a las obligaciones dispuestas en la Ley 34\/2002, de 11 de [&hellip;]","og_url":"https:\/\/eltorrentset.cat\/ca\/aviso-legal\/","og_site_name":"El Torrent Set","article_modified_time":"2025-06-25T13:38:22+00:00","twitter_card":"summary_large_image","twitter_misc":{"Temps estimat de lectura":"8 minuts"},"schema":{"@context":"https:\/\/schema.org","@graph":[{"@type":"WebPage","@id":"https:\/\/eltorrentset.cat\/aviso-legal\/","url":"https:\/\/eltorrentset.cat\/aviso-legal\/","name":"Aviso legal - El Torrent Set","isPartOf":{"@id":"https:\/\/eltorrentset.cat\/#website"},"datePublished":"2025-06-10T10:52:49+00:00","dateModified":"2025-06-25T13:38:22+00:00","breadcrumb":{"@id":"https:\/\/eltorrentset.cat\/aviso-legal\/#breadcrumb"},"inLanguage":"ca","potentialAction":[{"@type":"ReadAction","target":["https:\/\/eltorrentset.cat\/aviso-legal\/"]}]},{"@type":"BreadcrumbList","@id":"https:\/\/eltorrentset.cat\/aviso-legal\/#breadcrumb","itemListElement":[{"@type":"ListItem","position":1,"name":"Home","item":"https:\/\/eltorrentset.cat\/"},{"@type":"ListItem","position":2,"name":"Aviso legal"}]},{"@type":"WebSite","@id":"https:\/\/eltorrentset.cat\/#website","url":"https:\/\/eltorrentset.cat\/","name":"El Torrent Set","description":"El Torrent Set","publisher":{"@id":"https:\/\/eltorrentset.cat\/#organization"},"potentialAction":[{"@type":"SearchAction","target":{"@type":"EntryPoint","urlTemplate":"https:\/\/eltorrentset.cat\/?s={search_term_string}"},"query-input":{"@type":"PropertyValueSpecification","valueRequired":true,"valueName":"search_term_string"}}],"inLanguage":"ca"},{"@type":"Organization","@id":"https:\/\/eltorrentset.cat\/#organization","name":"El Torrent Set","url":"https:\/\/eltorrentset.cat\/","logo":{"@type":"ImageObject","inLanguage":"ca","@id":"https:\/\/eltorrentset.cat\/#\/schema\/logo\/image\/","url":"https:\/\/eltorrentset.cat\/wp-content\/uploads\/2025\/06\/cropped-MARCA_6_PNG_FT_7200_2400-scaled-1.png","contentUrl":"https:\/\/eltorrentset.cat\/wp-content\/uploads\/2025\/06\/cropped-MARCA_6_PNG_FT_7200_2400-scaled-1.png","width":1885,"height":345,"caption":"El Torrent Set"},"image":{"@id":"https:\/\/eltorrentset.cat\/#\/schema\/logo\/image\/"}}]}},"_links":{"self":[{"href":"https:\/\/eltorrentset.cat\/ca\/wp-json\/wp\/v2\/pages\/190","targetHints":{"allow":["GET"]}}],"collection":[{"href":"https:\/\/eltorrentset.cat\/ca\/wp-json\/wp\/v2\/pages"}],"about":[{"href":"https:\/\/eltorrentset.cat\/ca\/wp-json\/wp\/v2\/types\/page"}],"author":[{"embeddable":true,"href":"https:\/\/eltorrentset.cat\/ca\/wp-json\/wp\/v2\/users\/2"}],"replies":[{"embeddable":true,"href":"https:\/\/eltorrentset.cat\/ca\/wp-json\/wp\/v2\/comments?post=190"}],"version-history":[{"count":7,"href":"https:\/\/eltorrentset.cat\/ca\/wp-json\/wp\/v2\/pages\/190\/revisions"}],"predecessor-version":[{"id":333,"href":"https:\/\/eltorrentset.cat\/ca\/wp-json\/wp\/v2\/pages\/190\/revisions\/333"}],"wp:attachment":[{"href":"https:\/\/eltorrentset.cat\/ca\/wp-json\/wp\/v2\/media?parent=190"}],"curies":[{"name":"wp","href":"https:\/\/api.w.org\/{rel}","templated":true}]}}