{"id":115,"date":"2025-06-09T12:53:06","date_gmt":"2025-06-09T12:53:06","guid":{"rendered":"https:\/\/eltorrentset.cat\/?page_id=115"},"modified":"2025-07-03T11:59:28","modified_gmt":"2025-07-03T11:59:28","slug":"servicios","status":"publish","type":"page","link":"https:\/\/eltorrentset.cat\/ca\/servicios\/","title":{"rendered":"Serveis"},"content":{"rendered":"<div data-elementor-type=\"wp-page\" data-elementor-id=\"115\" class=\"elementor elementor-115\" data-elementor-post-type=\"page\">\n\t\t\t\t<div class=\"elementor-element elementor-element-ee08ed7 e-flex e-con-boxed e-con e-parent\" data-id=\"ee08ed7\" data-element_type=\"container\" data-settings=\"{&quot;background_background&quot;:&quot;classic&quot;}\">\n\t\t\t\t\t<div class=\"e-con-inner\">\n\t\t\t\t\t<\/div>\n\t\t\t\t<\/div>\n\t\t<div class=\"elementor-element elementor-element-4742e80c e-flex e-con-boxed e-con e-parent\" data-id=\"4742e80c\" data-element_type=\"container\" data-settings=\"{&quot;background_background&quot;:&quot;gradient&quot;}\">\n\t\t\t\t\t<div class=\"e-con-inner\">\n\t\t\t\t<div class=\"elementor-element elementor-element-15bcf75b elementor-invisible elementor-widget elementor-widget-heading\" data-id=\"15bcf75b\" data-element_type=\"widget\" data-settings=\"{&quot;_animation&quot;:&quot;fadeInLeft&quot;}\" data-widget_type=\"heading.default\">\n\t\t\t\t<div class=\"elementor-widget-container\">\n\t\t\t\t\t<h6 class=\"elementor-heading-title elementor-size-default\">Gesti\u00f3 immobili\u00e0ria\n<\/h6>\t\t\t\t<\/div>\n\t\t\t\t<\/div>\n\t\t\t\t<div class=\"elementor-element elementor-element-9794108 elementor-widget-divider--view-line elementor-invisible elementor-widget elementor-widget-divider\" data-id=\"9794108\" data-element_type=\"widget\" data-settings=\"{&quot;_animation&quot;:&quot;fadeInLeft&quot;}\" data-widget_type=\"divider.default\">\n\t\t\t\t<div class=\"elementor-widget-container\">\n\t\t\t\t\t\t\t<div class=\"elementor-divider\">\n\t\t\t<span class=\"elementor-divider-separator\">\n\t\t\t\t\t\t<\/span>\n\t\t<\/div>\n\t\t\t\t\t\t<\/div>\n\t\t\t\t<\/div>\n\t\t\t\t<div class=\"elementor-element elementor-element-2fe8b743 elementor-invisible elementor-widget elementor-widget-heading\" data-id=\"2fe8b743\" data-element_type=\"widget\" data-settings=\"{&quot;_animation&quot;:&quot;fadeInLeft&quot;}\" data-widget_type=\"heading.default\">\n\t\t\t\t<div class=\"elementor-widget-container\">\n\t\t\t\t\t<h3 class=\"elementor-heading-title elementor-size-default\">Venda i lloguer de propietats al Maresme\n<\/h3>\t\t\t\t<\/div>\n\t\t\t\t<\/div>\n\t\t<div class=\"elementor-element elementor-element-b15067d e-con-full e-flex e-con e-child\" data-id=\"b15067d\" data-element_type=\"container\">\n\t\t<div class=\"elementor-element elementor-element-7fbfaea1 e-con-full e-flex e-con e-child\" data-id=\"7fbfaea1\" data-element_type=\"container\" data-settings=\"{&quot;background_background&quot;:&quot;classic&quot;}\">\n\t\t\t\t<\/div>\n\t\t<div class=\"elementor-element elementor-element-3ba588e6 e-con-full e-flex e-con e-child\" data-id=\"3ba588e6\" data-element_type=\"container\">\n\t\t\t\t<div class=\"elementor-element elementor-element-3a37ad80 elementor-widget elementor-widget-text-editor\" data-id=\"3a37ad80\" data-element_type=\"widget\" data-widget_type=\"text-editor.default\">\n\t\t\t\t<div class=\"elementor-widget-container\">\n\t\t\t\t\t\t\t\t\t<p>Oferim un servei immobiliari integral amb un enfocament completament personalitzat.<\/p><p>Ens especialitzem en la venda i lloguer de propietats situades a la comarca del Maresme, i ho fem amb una filosofia clara: menys propietats, millor treball. Aix\u00f2 ens permet oferir un tracte pr\u00f2xim, professional i altament efica\u00e7 tant per a propietaris com per a inquilins o compradors.<\/p><p>El nostre coneixement del mercat local i la nostra experi\u00e8ncia de m\u00e9s de 20 anys ens permeten assessorar-te amb seguretat, transpar\u00e8ncia i comprom\u00eds.<\/p><p>Des de la valoraci\u00f3 inicial de la propietat fins a la signatura final, t'acompanyem en tot el proc\u00e9s, amb una estrat\u00e8gia de comercialitzaci\u00f3 adaptada a la teva situaci\u00f3 i objectius.<\/p>\t\t\t\t\t\t\t\t<\/div>\n\t\t\t\t<\/div>\n\t\t<div class=\"elementor-element elementor-element-67990dcc e-con-full e-flex e-con e-child\" data-id=\"67990dcc\" data-element_type=\"container\">\n\t\t\t\t<div class=\"elementor-element elementor-element-fd098e5 e-transform elementor-tablet-align-right elementor-mobile-align-center elementor-widget elementor-widget-button\" data-id=\"fd098e5\" data-element_type=\"widget\" data-settings=\"{&quot;_transform_translateY_effect_hover&quot;:{&quot;unit&quot;:&quot;px&quot;,&quot;size&quot;:8,&quot;sizes&quot;:[]},&quot;_transform_translateX_effect_hover&quot;:{&quot;unit&quot;:&quot;px&quot;,&quot;size&quot;:&quot;&quot;,&quot;sizes&quot;:[]},&quot;_transform_translateX_effect_hover_tablet&quot;:{&quot;unit&quot;:&quot;px&quot;,&quot;size&quot;:&quot;&quot;,&quot;sizes&quot;:[]},&quot;_transform_translateX_effect_hover_mobile&quot;:{&quot;unit&quot;:&quot;px&quot;,&quot;size&quot;:&quot;&quot;,&quot;sizes&quot;:[]},&quot;_transform_translateY_effect_hover_tablet&quot;:{&quot;unit&quot;:&quot;px&quot;,&quot;size&quot;:&quot;&quot;,&quot;sizes&quot;:[]},&quot;_transform_translateY_effect_hover_mobile&quot;:{&quot;unit&quot;:&quot;px&quot;,&quot;size&quot;:&quot;&quot;,&quot;sizes&quot;:[]}}\" data-widget_type=\"button.default\">\n\t\t\t\t<div class=\"elementor-widget-container\">\n\t\t\t\t\t\t\t\t\t<div class=\"elementor-button-wrapper\">\n\t\t\t\t\t<a class=\"elementor-button elementor-button-link elementor-size-sm\" href=\"https:\/\/www.eltorrentset.com\/valorar-inmueble\/\" target=\"_blank\">\n\t\t\t\t\t\t<span class=\"elementor-button-content-wrapper\">\n\t\t\t\t\t\t<span class=\"elementor-button-icon\">\n\t\t\t\t<i aria-hidden=\"true\" class=\"rtmicon rtmicon-chevron-right\"><\/i>\t\t\t<\/span>\n\t\t\t\t\t\t\t\t\t<span class=\"elementor-button-text\">Vull vendre<\/span>\n\t\t\t\t\t<\/span>\n\t\t\t\t\t<\/a>\n\t\t\t\t<\/div>\n\t\t\t\t\t\t\t\t<\/div>\n\t\t\t\t<\/div>\n\t\t\t\t<div class=\"elementor-element elementor-element-281264c2 elementor-widget__width-initial elementor-widget elementor-widget-image\" data-id=\"281264c2\" data-element_type=\"widget\" data-widget_type=\"image.default\">\n\t\t\t\t<div class=\"elementor-widget-container\">\n\t\t\t\t\t\t\t\t\t\t\t\t\t\t\t<img fetchpriority=\"high\" decoding=\"async\" width=\"960\" height=\"572\" src=\"https:\/\/eltorrentset.cat\/wp-content\/uploads\/2025\/06\/freepicdownloader.com-salesman-hands-house-model-small-toy-house-small-mortgage-property-insurance-concepts-real-estat-large.jpg\" class=\"attachment-full size-full wp-image-139\" alt=\"Reformas Matar\u00f3\" srcset=\"https:\/\/eltorrentset.cat\/wp-content\/uploads\/2025\/06\/freepicdownloader.com-salesman-hands-house-model-small-toy-house-small-mortgage-property-insurance-concepts-real-estat-large.jpg 960w, https:\/\/eltorrentset.cat\/wp-content\/uploads\/2025\/06\/freepicdownloader.com-salesman-hands-house-model-small-toy-house-small-mortgage-property-insurance-concepts-real-estat-large-300x179.jpg 300w, https:\/\/eltorrentset.cat\/wp-content\/uploads\/2025\/06\/freepicdownloader.com-salesman-hands-house-model-small-toy-house-small-mortgage-property-insurance-concepts-real-estat-large-768x458.jpg 768w\" sizes=\"(max-width: 960px) 100vw, 960px\" \/>\t\t\t\t\t\t\t\t\t\t\t\t\t\t\t<\/div>\n\t\t\t\t<\/div>\n\t\t\t\t<\/div>\n\t\t\t\t<\/div>\n\t\t\t\t<\/div>\n\t\t\t\t\t<\/div>\n\t\t\t\t<\/div>\n\t\t<div class=\"elementor-element elementor-element-c323046 seguros e-flex e-con-boxed e-con e-parent\" data-id=\"c323046\" data-element_type=\"container\" id=\"seguros\" data-settings=\"{&quot;background_background&quot;:&quot;gradient&quot;}\">\n\t\t\t\t\t<div class=\"e-con-inner\">\n\t\t<div class=\"elementor-element elementor-element-dd9ba37 e-con-full e-flex e-con e-child\" data-id=\"dd9ba37\" data-element_type=\"container\">\n\t\t\t\t<div class=\"elementor-element elementor-element-bab5197 elementor-widget elementor-widget-text-editor\" data-id=\"bab5197\" data-element_type=\"widget\" data-widget_type=\"text-editor.default\">\n\t\t\t\t<div class=\"elementor-widget-container\">\n\t\t\t\t\t\t\t\t\t<p>Som agents exclusius d'Occident, una de les asseguradores m\u00e9s s\u00f2lides i reconegudes del pa\u00eds.<\/p><p>Posem a la teva disposici\u00f3 una \u00e0mplia gamma d'assegurances per a protegir el que m\u00e9s t'importa: la teva llar, la teva salut, el teu vehicle o el teu negoci.<\/p><p><br \/>El nostre equip t'ajudar\u00e0 a triar la millor opci\u00f3 en funci\u00f3 de les teves necessitats i pressupost, oferint-te sempre una atenci\u00f3 personalitzada, pr\u00f2xima i amb respostes clares.<\/p><p>La seguretat i tranquil\u00b7litat dels nostres clients \u00e9s una prioritat, per aix\u00f2 apostem per productes de qualitat, amb cobertures reals i assist\u00e8ncia immediata.<\/p>\t\t\t\t\t\t\t\t<\/div>\n\t\t\t\t<\/div>\n\t\t\t\t<\/div>\n\t\t<div class=\"elementor-element elementor-element-0e6b19c e-con-full e-flex e-con e-child\" data-id=\"0e6b19c\" data-element_type=\"container\" data-settings=\"{&quot;background_background&quot;:&quot;classic&quot;}\">\n\t\t<div class=\"elementor-element elementor-element-00d8746 e-con-full e-flex e-con e-child\" data-id=\"00d8746\" data-element_type=\"container\" data-settings=\"{&quot;background_background&quot;:&quot;classic&quot;}\">\n\t\t<div class=\"elementor-element elementor-element-6866857 e-con-full e-flex e-con e-child\" data-id=\"6866857\" data-element_type=\"container\">\n\t\t\t\t<div class=\"elementor-element elementor-element-c9be5b8 elementor-invisible elementor-widget elementor-widget-heading\" data-id=\"c9be5b8\" data-element_type=\"widget\" data-settings=\"{&quot;_animation&quot;:&quot;fadeInLeft&quot;}\" data-widget_type=\"heading.default\">\n\t\t\t\t<div class=\"elementor-widget-container\">\n\t\t\t\t\t<h6 class=\"elementor-heading-title elementor-size-default\">Assegurances<\/h6>\t\t\t\t<\/div>\n\t\t\t\t<\/div>\n\t\t\t\t<div class=\"elementor-element elementor-element-224b2a7 elementor-widget__width-initial elementor-widget elementor-widget-image\" data-id=\"224b2a7\" data-element_type=\"widget\" data-widget_type=\"image.default\">\n\t\t\t\t<div class=\"elementor-widget-container\">\n\t\t\t\t\t\t\t\t\t\t\t\t\t\t\t<img decoding=\"async\" width=\"800\" height=\"152\" src=\"https:\/\/eltorrentset.cat\/wp-content\/uploads\/2025\/06\/MARCA-Occident-Rojo-fons-Trans-1024x195.png\" class=\"attachment-large size-large wp-image-110\" alt=\"\" srcset=\"https:\/\/eltorrentset.cat\/wp-content\/uploads\/2025\/06\/MARCA-Occident-Rojo-fons-Trans-1024x195.png 1024w, https:\/\/eltorrentset.cat\/wp-content\/uploads\/2025\/06\/MARCA-Occident-Rojo-fons-Trans-300x57.png 300w, https:\/\/eltorrentset.cat\/wp-content\/uploads\/2025\/06\/MARCA-Occident-Rojo-fons-Trans-768x146.png 768w, https:\/\/eltorrentset.cat\/wp-content\/uploads\/2025\/06\/MARCA-Occident-Rojo-fons-Trans.png 1118w\" sizes=\"(max-width: 800px) 100vw, 800px\" \/>\t\t\t\t\t\t\t\t\t\t\t\t\t\t\t<\/div>\n\t\t\t\t<\/div>\n\t\t\t\t<\/div>\n\t\t\t\t<div class=\"elementor-element elementor-element-b59396f elementor-widget-divider--view-line elementor-invisible elementor-widget elementor-widget-divider\" data-id=\"b59396f\" data-element_type=\"widget\" data-settings=\"{&quot;_animation&quot;:&quot;fadeInLeft&quot;}\" data-widget_type=\"divider.default\">\n\t\t\t\t<div class=\"elementor-widget-container\">\n\t\t\t\t\t\t\t<div class=\"elementor-divider\">\n\t\t\t<span class=\"elementor-divider-separator\">\n\t\t\t\t\t\t<\/span>\n\t\t<\/div>\n\t\t\t\t\t\t<\/div>\n\t\t\t\t<\/div>\n\t\t\t\t<div class=\"elementor-element elementor-element-48edbe6 elementor-invisible elementor-widget elementor-widget-heading\" data-id=\"48edbe6\" data-element_type=\"widget\" data-settings=\"{&quot;_animation&quot;:&quot;fadeInLeft&quot;}\" data-widget_type=\"heading.default\">\n\t\t\t\t<div class=\"elementor-widget-container\">\n\t\t\t\t\t<h3 class=\"elementor-heading-title elementor-size-default\">Agents exclusius d'Occident\n<\/h3>\t\t\t\t<\/div>\n\t\t\t\t<\/div>\n\t\t\t\t<\/div>\n\t\t\t\t<\/div>\n\t\t\t\t\t<\/div>\n\t\t\t\t<\/div>\n\t\t<div class=\"elementor-element elementor-element-58cebb7 reformas e-flex e-con-boxed e-con e-parent\" data-id=\"58cebb7\" data-element_type=\"container\" id=\"reformas\">\n\t\t\t\t\t<div class=\"e-con-inner\">\n\t\t<div class=\"elementor-element elementor-element-8acfd9f e-con-full e-flex e-con e-child\" data-id=\"8acfd9f\" data-element_type=\"container\" data-settings=\"{&quot;background_background&quot;:&quot;classic&quot;}\">\n\t\t<div class=\"elementor-element elementor-element-40c0e92 e-con-full e-flex e-con e-child\" data-id=\"40c0e92\" data-element_type=\"container\" data-settings=\"{&quot;background_background&quot;:&quot;classic&quot;}\">\n\t\t\t\t<div class=\"elementor-element elementor-element-c389dad elementor-invisible elementor-widget elementor-widget-heading\" data-id=\"c389dad\" data-element_type=\"widget\" data-settings=\"{&quot;_animation&quot;:&quot;fadeInLeft&quot;}\" data-widget_type=\"heading.default\">\n\t\t\t\t<div class=\"elementor-widget-container\">\n\t\t\t\t\t<h6 class=\"elementor-heading-title elementor-size-default\">Reformes<\/h6>\t\t\t\t<\/div>\n\t\t\t\t<\/div>\n\t\t\t\t<div class=\"elementor-element elementor-element-a0b389b elementor-widget-divider--view-line elementor-invisible elementor-widget elementor-widget-divider\" data-id=\"a0b389b\" data-element_type=\"widget\" data-settings=\"{&quot;_animation&quot;:&quot;fadeInLeft&quot;}\" data-widget_type=\"divider.default\">\n\t\t\t\t<div class=\"elementor-widget-container\">\n\t\t\t\t\t\t\t<div class=\"elementor-divider\">\n\t\t\t<span class=\"elementor-divider-separator\">\n\t\t\t\t\t\t<\/span>\n\t\t<\/div>\n\t\t\t\t\t\t<\/div>\n\t\t\t\t<\/div>\n\t\t\t\t<div class=\"elementor-element elementor-element-2e6ca36 elementor-invisible elementor-widget elementor-widget-heading\" data-id=\"2e6ca36\" data-element_type=\"widget\" data-settings=\"{&quot;_animation&quot;:&quot;fadeInLeft&quot;}\" data-widget_type=\"heading.default\">\n\t\t\t\t<div class=\"elementor-widget-container\">\n\t\t\t\t\t<h3 class=\"elementor-heading-title elementor-size-default\">Reformes integrals i petits arranjaments<\/h3>\t\t\t\t<\/div>\n\t\t\t\t<\/div>\n\t\t\t\t<\/div>\n\t\t\t\t<\/div>\n\t\t<div class=\"elementor-element elementor-element-061ad48 e-con-full e-flex e-con e-child\" data-id=\"061ad48\" data-element_type=\"container\">\n\t\t\t\t<div class=\"elementor-element elementor-element-50a4cea elementor-widget elementor-widget-image\" data-id=\"50a4cea\" data-element_type=\"widget\" data-widget_type=\"image.default\">\n\t\t\t\t<div class=\"elementor-widget-container\">\n\t\t\t\t\t\t\t\t\t\t\t\t\t\t\t<img decoding=\"async\" width=\"1500\" height=\"1000\" src=\"https:\/\/eltorrentset.cat\/wp-content\/uploads\/2025\/06\/2149366705-e1749624141855.jpg\" class=\"attachment-full size-full wp-image-240\" alt=\"Reformas Matar\u00f3\" srcset=\"https:\/\/eltorrentset.cat\/wp-content\/uploads\/2025\/06\/2149366705-e1749624141855.jpg 1500w, https:\/\/eltorrentset.cat\/wp-content\/uploads\/2025\/06\/2149366705-e1749624141855-300x200.jpg 300w, https:\/\/eltorrentset.cat\/wp-content\/uploads\/2025\/06\/2149366705-e1749624141855-1024x683.jpg 1024w, https:\/\/eltorrentset.cat\/wp-content\/uploads\/2025\/06\/2149366705-e1749624141855-768x512.jpg 768w, https:\/\/eltorrentset.cat\/wp-content\/uploads\/2025\/06\/2149366705-e1749624141855-18x12.jpg 18w\" sizes=\"(max-width: 1500px) 100vw, 1500px\" \/>\t\t\t\t\t\t\t\t\t\t\t\t\t\t\t<\/div>\n\t\t\t\t<\/div>\n\t\t\t\t<div class=\"elementor-element elementor-element-f16a609 elementor-widget elementor-widget-text-editor\" data-id=\"f16a609\" data-element_type=\"widget\" data-widget_type=\"text-editor.default\">\n\t\t\t\t<div class=\"elementor-widget-container\">\n\t\t\t\t\t\t\t\t\t<p>Vols renovar la teva llar o local comercial? Ens encarreguem de reformes, tant integrals com petites actuacions de manteniment.<\/p><p>Comptem amb un equip professional i de confian\u00e7a que treballa amb materials de qualitat, complint sempre amb els terminis i pressupostos acordats. Ens encarreguem de tot: des de la planificaci\u00f3 fins a l'execuci\u00f3 final, perqu\u00e8 tu no hagis de preocupar-te de res.<\/p><p>Ja sigui una cuina nova, un bany renovat o una rehabilitaci\u00f3 completa, ens adaptem a les teves necessitats i estil per a fer realitat la transformaci\u00f3 que desitges.<\/p>\t\t\t\t\t\t\t\t<\/div>\n\t\t\t\t<\/div>\n\t\t\t\t<\/div>\n\t\t\t\t\t<\/div>\n\t\t\t\t<\/div>\n\t\t\t\t<\/div>","protected":false},"excerpt":{"rendered":"<p>Gesti\u00f3n inmobiliaria Venta y alquiler de propiedades en El Maresme Ofrecemos un servicio inmobiliario integral con un enfoque completamente personalizado. Nos especializamos en la venta y alquiler de propiedades ubicadas en la comarca del Maresme, y lo hacemos con una filosof\u00eda clara: menos propiedades, mejor trabajo. Esto nos permite ofrecer un trato cercano, profesional y [&hellip;]<\/p>","protected":false},"author":2,"featured_media":303,"parent":0,"menu_order":0,"comment_status":"closed","ping_status":"closed","template":"","meta":{"footnotes":""},"class_list":["post-115","page","type-page","status-publish","has-post-thumbnail","hentry"],"yoast_head":"<!-- This site is optimized with the Yoast SEO plugin v25.3 - https:\/\/yoast.com\/wordpress\/plugins\/seo\/ -->\n<title>Reformas Matar\u00f3 | El Torrent Set<\/title>\n<meta name=\"description\" content=\"Reformas Matar\u00f3 con atenci\u00f3n personalizada. Tambi\u00e9n gestionamos inmuebles y seguros Occident. M\u00e1s de 20 a\u00f1os de experiencia.\" \/>\n<meta name=\"robots\" content=\"index, follow, max-snippet:-1, max-image-preview:large, max-video-preview:-1\" \/>\n<link rel=\"canonical\" href=\"https:\/\/eltorrentset.cat\/ca\/servicios\/\" \/>\n<meta property=\"og:locale\" content=\"ca_ES\" \/>\n<meta property=\"og:type\" content=\"article\" \/>\n<meta property=\"og:title\" content=\"Reformas Matar\u00f3 | El Torrent Set\" \/>\n<meta property=\"og:description\" content=\"Reformas Matar\u00f3 con atenci\u00f3n personalizada. Tambi\u00e9n gestionamos inmuebles y seguros Occident. M\u00e1s de 20 a\u00f1os de experiencia.\" \/>\n<meta property=\"og:url\" content=\"https:\/\/eltorrentset.cat\/ca\/servicios\/\" \/>\n<meta property=\"og:site_name\" content=\"El Torrent Set\" \/>\n<meta property=\"article:modified_time\" content=\"2025-07-03T11:59:28+00:00\" \/>\n<meta property=\"og:image\" content=\"https:\/\/eltorrentset.cat\/wp-content\/uploads\/2025\/06\/Office-7-scaled.jpg\" \/>\n\t<meta property=\"og:image:width\" content=\"2560\" \/>\n\t<meta property=\"og:image:height\" content=\"1440\" \/>\n\t<meta property=\"og:image:type\" content=\"image\/jpeg\" \/>\n<meta name=\"twitter:card\" content=\"summary_large_image\" \/>\n<meta name=\"twitter:label1\" content=\"Temps estimat de lectura\" \/>\n\t<meta name=\"twitter:data1\" content=\"3 minuts\" \/>\n<script type=\"application\/ld+json\" class=\"yoast-schema-graph\">{\"@context\":\"https:\/\/schema.org\",\"@graph\":[{\"@type\":\"WebPage\",\"@id\":\"https:\/\/eltorrentset.cat\/servicios\/\",\"url\":\"https:\/\/eltorrentset.cat\/servicios\/\",\"name\":\"Reformas Matar\u00f3 | El Torrent Set\",\"isPartOf\":{\"@id\":\"https:\/\/eltorrentset.cat\/#website\"},\"primaryImageOfPage\":{\"@id\":\"https:\/\/eltorrentset.cat\/servicios\/#primaryimage\"},\"image\":{\"@id\":\"https:\/\/eltorrentset.cat\/servicios\/#primaryimage\"},\"thumbnailUrl\":\"https:\/\/eltorrentset.cat\/wp-content\/uploads\/2025\/06\/Office-7-scaled.jpg\",\"datePublished\":\"2025-06-09T12:53:06+00:00\",\"dateModified\":\"2025-07-03T11:59:28+00:00\",\"description\":\"Reformas Matar\u00f3 con atenci\u00f3n personalizada. Tambi\u00e9n gestionamos inmuebles y seguros Occident. M\u00e1s de 20 a\u00f1os de experiencia.\",\"breadcrumb\":{\"@id\":\"https:\/\/eltorrentset.cat\/servicios\/#breadcrumb\"},\"inLanguage\":\"ca\",\"potentialAction\":[{\"@type\":\"ReadAction\",\"target\":[\"https:\/\/eltorrentset.cat\/servicios\/\"]}]},{\"@type\":\"ImageObject\",\"inLanguage\":\"ca\",\"@id\":\"https:\/\/eltorrentset.cat\/servicios\/#primaryimage\",\"url\":\"https:\/\/eltorrentset.cat\/wp-content\/uploads\/2025\/06\/Office-7-scaled.jpg\",\"contentUrl\":\"https:\/\/eltorrentset.cat\/wp-content\/uploads\/2025\/06\/Office-7-scaled.jpg\",\"width\":2560,\"height\":1440,\"caption\":\"inmobiliaria maresme\"},{\"@type\":\"BreadcrumbList\",\"@id\":\"https:\/\/eltorrentset.cat\/servicios\/#breadcrumb\",\"itemListElement\":[{\"@type\":\"ListItem\",\"position\":1,\"name\":\"Home\",\"item\":\"https:\/\/eltorrentset.cat\/\"},{\"@type\":\"ListItem\",\"position\":2,\"name\":\"Servicios\"}]},{\"@type\":\"WebSite\",\"@id\":\"https:\/\/eltorrentset.cat\/#website\",\"url\":\"https:\/\/eltorrentset.cat\/\",\"name\":\"El Torrent Set\",\"description\":\"El Torrent Set\",\"publisher\":{\"@id\":\"https:\/\/eltorrentset.cat\/#organization\"},\"potentialAction\":[{\"@type\":\"SearchAction\",\"target\":{\"@type\":\"EntryPoint\",\"urlTemplate\":\"https:\/\/eltorrentset.cat\/?s={search_term_string}\"},\"query-input\":{\"@type\":\"PropertyValueSpecification\",\"valueRequired\":true,\"valueName\":\"search_term_string\"}}],\"inLanguage\":\"ca\"},{\"@type\":\"Organization\",\"@id\":\"https:\/\/eltorrentset.cat\/#organization\",\"name\":\"El Torrent Set\",\"url\":\"https:\/\/eltorrentset.cat\/\",\"logo\":{\"@type\":\"ImageObject\",\"inLanguage\":\"ca\",\"@id\":\"https:\/\/eltorrentset.cat\/#\/schema\/logo\/image\/\",\"url\":\"https:\/\/eltorrentset.cat\/wp-content\/uploads\/2025\/06\/cropped-MARCA_6_PNG_FT_7200_2400-scaled-1.png\",\"contentUrl\":\"https:\/\/eltorrentset.cat\/wp-content\/uploads\/2025\/06\/cropped-MARCA_6_PNG_FT_7200_2400-scaled-1.png\",\"width\":1885,\"height\":345,\"caption\":\"El Torrent Set\"},\"image\":{\"@id\":\"https:\/\/eltorrentset.cat\/#\/schema\/logo\/image\/\"}}]}<\/script>\n<!-- \/ Yoast SEO plugin. -->","yoast_head_json":{"title":"Reformes Matar\u00f3 | El Torrent Set","description":"Reformes Matar\u00f3 amb atenci\u00f3 personalitzada. Tamb\u00e9 gestionem immobles i segurs Occident. M\u00e9s de 20 anys d'experi\u00e8ncia.","robots":{"index":"index","follow":"follow","max-snippet":"max-snippet:-1","max-image-preview":"max-image-preview:large","max-video-preview":"max-video-preview:-1"},"canonical":"https:\/\/eltorrentset.cat\/ca\/servicios\/","og_locale":"ca_ES","og_type":"article","og_title":"Reformas Matar\u00f3 | El Torrent Set","og_description":"Reformas Matar\u00f3 con atenci\u00f3n personalizada. Tambi\u00e9n gestionamos inmuebles y seguros Occident. M\u00e1s de 20 a\u00f1os de experiencia.","og_url":"https:\/\/eltorrentset.cat\/ca\/servicios\/","og_site_name":"El Torrent Set","article_modified_time":"2025-07-03T11:59:28+00:00","og_image":[{"width":2560,"height":1440,"url":"https:\/\/eltorrentset.cat\/wp-content\/uploads\/2025\/06\/Office-7-scaled.jpg","type":"image\/jpeg"}],"twitter_card":"summary_large_image","twitter_misc":{"Temps estimat de lectura":"3 minuts"},"schema":{"@context":"https:\/\/schema.org","@graph":[{"@type":"WebPage","@id":"https:\/\/eltorrentset.cat\/servicios\/","url":"https:\/\/eltorrentset.cat\/servicios\/","name":"Reformes Matar\u00f3 | El Torrent Set","isPartOf":{"@id":"https:\/\/eltorrentset.cat\/#website"},"primaryImageOfPage":{"@id":"https:\/\/eltorrentset.cat\/servicios\/#primaryimage"},"image":{"@id":"https:\/\/eltorrentset.cat\/servicios\/#primaryimage"},"thumbnailUrl":"https:\/\/eltorrentset.cat\/wp-content\/uploads\/2025\/06\/Office-7-scaled.jpg","datePublished":"2025-06-09T12:53:06+00:00","dateModified":"2025-07-03T11:59:28+00:00","description":"Reformes Matar\u00f3 amb atenci\u00f3 personalitzada. Tamb\u00e9 gestionem immobles i segurs Occident. M\u00e9s de 20 anys d'experi\u00e8ncia.","breadcrumb":{"@id":"https:\/\/eltorrentset.cat\/servicios\/#breadcrumb"},"inLanguage":"ca","potentialAction":[{"@type":"ReadAction","target":["https:\/\/eltorrentset.cat\/servicios\/"]}]},{"@type":"ImageObject","inLanguage":"ca","@id":"https:\/\/eltorrentset.cat\/servicios\/#primaryimage","url":"https:\/\/eltorrentset.cat\/wp-content\/uploads\/2025\/06\/Office-7-scaled.jpg","contentUrl":"https:\/\/eltorrentset.cat\/wp-content\/uploads\/2025\/06\/Office-7-scaled.jpg","width":2560,"height":1440,"caption":"inmobiliaria maresme"},{"@type":"BreadcrumbList","@id":"https:\/\/eltorrentset.cat\/servicios\/#breadcrumb","itemListElement":[{"@type":"ListItem","position":1,"name":"Home","item":"https:\/\/eltorrentset.cat\/"},{"@type":"ListItem","position":2,"name":"Servicios"}]},{"@type":"WebSite","@id":"https:\/\/eltorrentset.cat\/#website","url":"https:\/\/eltorrentset.cat\/","name":"El Torrent Set","description":"El Torrent Set","publisher":{"@id":"https:\/\/eltorrentset.cat\/#organization"},"potentialAction":[{"@type":"SearchAction","target":{"@type":"EntryPoint","urlTemplate":"https:\/\/eltorrentset.cat\/?s={search_term_string}"},"query-input":{"@type":"PropertyValueSpecification","valueRequired":true,"valueName":"search_term_string"}}],"inLanguage":"ca"},{"@type":"Organization","@id":"https:\/\/eltorrentset.cat\/#organization","name":"El Torrent Set","url":"https:\/\/eltorrentset.cat\/","logo":{"@type":"ImageObject","inLanguage":"ca","@id":"https:\/\/eltorrentset.cat\/#\/schema\/logo\/image\/","url":"https:\/\/eltorrentset.cat\/wp-content\/uploads\/2025\/06\/cropped-MARCA_6_PNG_FT_7200_2400-scaled-1.png","contentUrl":"https:\/\/eltorrentset.cat\/wp-content\/uploads\/2025\/06\/cropped-MARCA_6_PNG_FT_7200_2400-scaled-1.png","width":1885,"height":345,"caption":"El Torrent Set"},"image":{"@id":"https:\/\/eltorrentset.cat\/#\/schema\/logo\/image\/"}}]}},"_links":{"self":[{"href":"https:\/\/eltorrentset.cat\/ca\/wp-json\/wp\/v2\/pages\/115","targetHints":{"allow":["GET"]}}],"collection":[{"href":"https:\/\/eltorrentset.cat\/ca\/wp-json\/wp\/v2\/pages"}],"about":[{"href":"https:\/\/eltorrentset.cat\/ca\/wp-json\/wp\/v2\/types\/page"}],"author":[{"embeddable":true,"href":"https:\/\/eltorrentset.cat\/ca\/wp-json\/wp\/v2\/users\/2"}],"replies":[{"embeddable":true,"href":"https:\/\/eltorrentset.cat\/ca\/wp-json\/wp\/v2\/comments?post=115"}],"version-history":[{"count":46,"href":"https:\/\/eltorrentset.cat\/ca\/wp-json\/wp\/v2\/pages\/115\/revisions"}],"predecessor-version":[{"id":290,"href":"https:\/\/eltorrentset.cat\/ca\/wp-json\/wp\/v2\/pages\/115\/revisions\/290"}],"wp:featuredmedia":[{"embeddable":true,"href":"https:\/\/eltorrentset.cat\/ca\/wp-json\/wp\/v2\/media\/303"}],"wp:attachment":[{"href":"https:\/\/eltorrentset.cat\/ca\/wp-json\/wp\/v2\/media?parent=115"}],"curies":[{"name":"wp","href":"https:\/\/api.w.org\/{rel}","templated":true}]}}